{"id":58600,"date":"2017-05-15T11:53:55","date_gmt":"2017-05-15T09:53:55","guid":{"rendered":"https:\/\/undsgn.com\/uncode\/?page_id=58600"},"modified":"2026-01-05T08:45:30","modified_gmt":"2026-01-05T08:45:30","slug":"classic-photographer","status":"publish","type":"page","link":"https:\/\/mijnhulpie.nl\/","title":{"rendered":"Home"},"content":{"rendered":"<div class=\"wpb-content-wrapper\"><p>[vc_row unlock_row_content=&#8221;yes&#8221; row_height_percent=&#8221;100&#8243; override_padding=&#8221;yes&#8221; h_padding=&#8221;2&#8243; top_padding=&#8221;0&#8243; bottom_padding=&#8221;2&#8243; back_color=&#8221;color-wayh&#8221; overlay_alpha=&#8221;50&#8243; gutter_size=&#8221;3&#8243; column_width_percent=&#8221;100&#8243; shift_y=&#8221;0&#8243; z_index=&#8221;0&#8243; content_parallax=&#8221;0&#8243; front_end_with_slider=&#8221;true&#8221; uncode_shortcode_id=&#8221;915377&#8243; back_color_type=&#8221;uncode-palette&#8221;][vc_column column_width_percent=&#8221;100&#8243; gutter_size=&#8221;3&#8243; overlay_alpha=&#8221;50&#8243; shift_x=&#8221;0&#8243; shift_y=&#8221;0&#8243; shift_y_down=&#8221;0&#8243; z_index=&#8221;0&#8243; medium_width=&#8221;0&#8243; mobile_width=&#8221;0&#8243; width=&#8221;1\/1&#8243; uncode_shortcode_id=&#8221;563093&#8243;][uncode_slider slider_type=&#8221;fade&#8221; slider_interval=&#8221;10000&#8243; slider_navspeed=&#8221;400&#8243; slider_loop=&#8221;yes&#8221; slider_hide_dots=&#8221;yes&#8221;][vc_row_inner row_inner_height_percent=&#8221;0&#8243; back_color=&#8221;color-nhtu&#8221; back_image=&#8221;159406&#8243; back_position=&#8221;center top&#8221; kburns=&#8221;yes&#8221; overlay_color=&#8221;color-jevc&#8221; overlay_alpha=&#8221;25&#8243; gutter_size=&#8221;3&#8243; shift_y=&#8221;0&#8243; z_index=&#8221;0&#8243; limit_content=&#8221;&#8221; front_end_with_slider=&#8221;true&#8221; uncode_shortcode_id=&#8221;139896&#8243; back_color_type=&#8221;uncode-palette&#8221; overlay_color_type=&#8221;uncode-palette&#8221;][vc_column_inner column_width_percent=&#8221;100&#8243; position_vertical=&#8221;bottom&#8221; align_horizontal=&#8221;align_center&#8221; gutter_size=&#8221;2&#8243; style=&#8221;dark&#8221; overlay_alpha=&#8221;50&#8243; shift_x=&#8221;0&#8243; shift_y=&#8221;0&#8243; shift_y_down=&#8221;0&#8243; z_index=&#8221;0&#8243; medium_width=&#8221;0&#8243; mobile_width=&#8221;0&#8243; css_animation=&#8221;bottom-t-top&#8221; animation_speed=&#8221;800&#8243; animation_delay=&#8221;200&#8243; zoom_width=&#8221;0&#8243; zoom_height=&#8221;0&#8243; width=&#8221;1\/1&#8243; uncode_shortcode_id=&#8221;182611&#8243;][vc_custom_heading text_size=&#8221;custom&#8221; text_weight=&#8221;500&#8243; sub_lead=&#8221;yes&#8221; sub_reduced=&#8221;yes&#8221; uncode_shortcode_id=&#8221;208794&#8243; heading_custom_size=&#8221;50px&#8221;]De duurzame boodschappendoos voor elke winkel[\/vc_custom_heading][vc_custom_heading text_size=&#8221;h3&#8243; text_weight=&#8221;300&#8243; sub_lead=&#8221;yes&#8221; sub_reduced=&#8221;yes&#8221; uncode_shortcode_id=&#8221;213704&#8243;]<\/p>\n<p data-start=\"3468\" data-end=\"3554\">Herbruikbaar alternatief voor plastic tasjes. Handig, sterk en bewust.<\/p>\n<p>[\/vc_custom_heading][vc_empty_space empty_h=&#8221;5&#8243; mobile_visibility=&#8221;yes&#8221;][\/vc_column_inner][\/vc_row_inner][vc_row_inner row_inner_height_percent=&#8221;0&#8243; back_color=&#8221;color-nhtu&#8221; back_image=&#8221;159455&#8243; back_position=&#8221;center top&#8221; kburns=&#8221;yes&#8221; overlay_color=&#8221;color-jevc&#8221; overlay_alpha=&#8221;25&#8243; gutter_size=&#8221;3&#8243; shift_y=&#8221;0&#8243; z_index=&#8221;0&#8243; limit_content=&#8221;&#8221; front_end_with_slider=&#8221;true&#8221; uncode_shortcode_id=&#8221;150453&#8243; back_color_type=&#8221;uncode-palette&#8221; overlay_color_type=&#8221;uncode-palette&#8221;][vc_column_inner column_width_percent=&#8221;100&#8243; position_vertical=&#8221;bottom&#8221; align_horizontal=&#8221;align_center&#8221; gutter_size=&#8221;2&#8243; style=&#8221;dark&#8221; overlay_alpha=&#8221;50&#8243; shift_x=&#8221;0&#8243; shift_y=&#8221;0&#8243; shift_y_down=&#8221;0&#8243; z_index=&#8221;0&#8243; medium_width=&#8221;0&#8243; mobile_width=&#8221;0&#8243; css_animation=&#8221;bottom-t-top&#8221; animation_speed=&#8221;800&#8243; animation_delay=&#8221;200&#8243; zoom_width=&#8221;0&#8243; zoom_height=&#8221;0&#8243; width=&#8221;1\/1&#8243; uncode_shortcode_id=&#8221;182611&#8243;][vc_custom_heading text_size=&#8221;custom&#8221; text_weight=&#8221;500&#8243; sub_lead=&#8221;yes&#8221; sub_reduced=&#8221;yes&#8221; uncode_shortcode_id=&#8221;126663&#8243; heading_custom_size=&#8221;50px&#8221;]Geen plastic tasjes meer. Gewoon Hulpie[\/vc_custom_heading][vc_custom_heading text_size=&#8221;h3&#8243; text_weight=&#8221;300&#8243; sub_lead=&#8221;yes&#8221; sub_reduced=&#8221;yes&#8221; uncode_shortcode_id=&#8221;144749&#8243;]Alles veilig en makkelijk mee naar huis in \u00e9\u00e9n stevige draagdoos.[\/vc_custom_heading][vc_empty_space empty_h=&#8221;5&#8243; mobile_visibility=&#8221;yes&#8221;][\/vc_column_inner][\/vc_row_inner][vc_row_inner row_inner_height_percent=&#8221;0&#8243; back_color=&#8221;color-nhtu&#8221; back_image=&#8221;159453&#8243; kburns=&#8221;yes&#8221; overlay_color=&#8221;color-jevc&#8221; overlay_alpha=&#8221;25&#8243; gutter_size=&#8221;3&#8243; shift_y=&#8221;0&#8243; z_index=&#8221;0&#8243; limit_content=&#8221;&#8221; front_end_with_slider=&#8221;true&#8221; uncode_shortcode_id=&#8221;310148&#8243; back_color_type=&#8221;uncode-palette&#8221; overlay_color_type=&#8221;uncode-palette&#8221;][vc_column_inner column_width_percent=&#8221;100&#8243; position_vertical=&#8221;bottom&#8221; align_horizontal=&#8221;align_center&#8221; gutter_size=&#8221;2&#8243; style=&#8221;dark&#8221; overlay_alpha=&#8221;50&#8243; shift_x=&#8221;0&#8243; shift_y=&#8221;0&#8243; shift_y_down=&#8221;0&#8243; z_index=&#8221;0&#8243; medium_width=&#8221;0&#8243; mobile_width=&#8221;0&#8243; css_animation=&#8221;bottom-t-top&#8221; animation_speed=&#8221;800&#8243; animation_delay=&#8221;200&#8243; zoom_width=&#8221;0&#8243; zoom_height=&#8221;0&#8243; width=&#8221;1\/1&#8243; uncode_shortcode_id=&#8221;922820&#8243;][vc_custom_heading text_size=&#8221;custom&#8221; text_weight=&#8221;500&#8243; sub_lead=&#8221;yes&#8221; sub_reduced=&#8221;yes&#8221; uncode_shortcode_id=&#8221;143750&#8243; heading_custom_size=&#8221;50px&#8221;]Kleine verandering. Groot duurzaam verschil.[\/vc_custom_heading][vc_custom_heading text_size=&#8221;h3&#8243; text_weight=&#8221;300&#8243; sub_lead=&#8221;yes&#8221; sub_reduced=&#8221;yes&#8221; uncode_shortcode_id=&#8221;131296&#8243;]Geen omvallende boodschappen meer wanneer je mij in de achterbak plaatst.[\/vc_custom_heading][vc_empty_space empty_h=&#8221;1&#8243;][vc_button border_width=&#8221;0&#8243; uncode_shortcode_id=&#8221;190540&#8243; link=&#8221;title:Contact&#8221;]Interesse? Neem contact op[\/vc_button][vc_empty_space empty_h=&#8221;5&#8243; mobile_visibility=&#8221;yes&#8221;][\/vc_column_inner][\/vc_row_inner][\/uncode_slider][\/vc_column][\/vc_row][vc_row row_height_percent=&#8221;0&#8243; back_color=&#8221;color-803683&#8243; overlay_alpha=&#8221;50&#8243; gutter_size=&#8221;3&#8243; column_width_percent=&#8221;100&#8243; shift_y=&#8221;0&#8243; z_index=&#8221;0&#8243; content_parallax=&#8221;0&#8243; uncode_shortcode_id=&#8221;920707&#8243; back_color_type=&#8221;uncode-palette&#8221;][vc_column column_width_percent=&#8221;100&#8243; align_horizontal=&#8221;align_center&#8221; gutter_size=&#8221;2&#8243; style=&#8221;dark&#8221; overlay_alpha=&#8221;50&#8243; shift_x=&#8221;0&#8243; shift_y=&#8221;0&#8243; shift_y_down=&#8221;0&#8243; z_index=&#8221;0&#8243; medium_width=&#8221;0&#8243; mobile_width=&#8221;0&#8243; width=&#8221;1\/1&#8243; uncode_shortcode_id=&#8221;556497&#8243;][vc_custom_heading text_size=&#8221;custom&#8221; uncode_shortcode_id=&#8221;475839&#8243; heading_custom_size=&#8221;60&#8243;]Handig, sterk &amp; bewust.[\/vc_custom_heading][vc_custom_heading uncode_shortcode_id=&#8221;181128&#8243;]Duurzame boodschappendoos als alternatief voor plastic tasjes[\/vc_custom_heading][\/vc_column][\/vc_row][vc_row row_height_percent=&#8221;0&#8243; override_padding=&#8221;yes&#8221; h_padding=&#8221;2&#8243; top_padding=&#8221;3&#8243; bottom_padding=&#8221;3&#8243; back_image=&#8221;7&#8243; overlay_alpha=&#8221;50&#8243; gutter_size=&#8221;3&#8243; column_width_percent=&#8221;100&#8243; shift_y=&#8221;0&#8243; z_index=&#8221;0&#8243; content_parallax=&#8221;0&#8243; uncode_shortcode_id=&#8221;586255&#8243;][vc_column width=&#8221;1\/1&#8243;][vc_row_inner][vc_column_inner width=&#8221;1\/3&#8243;][vc_single_image media=&#8221;159604&#8243; media_width_percent=&#8221;100&#8243; shape=&#8221;img-round&#8221; radius=&#8221;lg&#8221; uncode_shortcode_id=&#8221;807385&#8243;][\/vc_column_inner][vc_column_inner width=&#8221;2\/3&#8243;][vc_custom_heading text_color=&#8221;color-458131&#8243; text_weight=&#8221;600&#8243; uncode_shortcode_id=&#8221;205017&#8243; text_color_type=&#8221;uncode-palette&#8221;]Waarom, Hulpie?[\/vc_custom_heading][vc_column_text uncode_shortcode_id=&#8221;140287&#8243;]<\/p>\n<p data-start=\"1318\" data-end=\"1541\">Steeds meer mensen zoeken een <strong data-start=\"1348\" data-end=\"1404\">duurzaam alternatief voor plastic boodschappentasjes<\/strong>.<br data-start=\"1405\" data-end=\"1408\" \/>Hulpie is d\u00e9 oplossing: een <strong data-start=\"1436\" data-end=\"1478\">herbruikbare, stevige boodschappendoos<\/strong> die speciaal is ontworpen iedere boodschap.<\/p>\n<p data-start=\"1543\" data-end=\"1690\">In plaats van wegwerpplastic gebruik je \u00e9\u00e9n doos, keer op keer. Dat is beter voor het milieu \u00e9n een stuk makkelijker tijdens het winkelen.<\/p>\n<p data-start=\"2017\" data-end=\"2118\">Of je nu wekelijks boodschappen doet of snel iets meeneemt: <strong data-start=\"2077\" data-end=\"2117\">Hulpie houdt alles netjes bij elkaar<\/strong>.<\/p>\n<p>[\/vc_column_text][\/vc_column_inner][\/vc_row_inner][\/vc_column][\/vc_row][vc_row row_height_percent=&#8221;0&#8243; back_color=&#8221;color-803683&#8243; overlay_alpha=&#8221;50&#8243; gutter_size=&#8221;3&#8243; column_width_percent=&#8221;100&#8243; shift_y=&#8221;0&#8243; z_index=&#8221;0&#8243; content_parallax=&#8221;0&#8243; uncode_shortcode_id=&#8221;920707&#8243; back_color_type=&#8221;uncode-palette&#8221;][vc_column column_width_percent=&#8221;100&#8243; align_horizontal=&#8221;align_center&#8221; gutter_size=&#8221;3&#8243; style=&#8221;dark&#8221; overlay_alpha=&#8221;50&#8243; shift_x=&#8221;0&#8243; shift_y=&#8221;0&#8243; shift_y_down=&#8221;0&#8243; z_index=&#8221;0&#8243; medium_width=&#8221;0&#8243; mobile_width=&#8221;0&#8243; width=&#8221;1\/1&#8243; uncode_shortcode_id=&#8221;110920&#8243;][vc_custom_heading text_size=&#8221;custom&#8221; uncode_shortcode_id=&#8221;845796&#8243; heading_custom_size=&#8221;60&#8243;]Hulpie: klein product, groot verschil[\/vc_custom_heading][vc_custom_heading uncode_shortcode_id=&#8221;883302&#8243;]Minder plastic tasjes betekent minder afval.[\/vc_custom_heading][\/vc_column][\/vc_row][vc_row row_height_percent=&#8221;0&#8243; override_padding=&#8221;yes&#8221; h_padding=&#8221;2&#8243; top_padding=&#8221;3&#8243; bottom_padding=&#8221;3&#8243; back_image=&#8221;7&#8243; overlay_alpha=&#8221;50&#8243; gutter_size=&#8221;3&#8243; column_width_percent=&#8221;100&#8243; shift_y=&#8221;0&#8243; z_index=&#8221;0&#8243; content_parallax=&#8221;0&#8243; uncode_shortcode_id=&#8221;586255&#8243;][vc_column width=&#8221;1\/1&#8243;][vc_row_inner][vc_column_inner width=&#8221;1\/3&#8243;][vc_single_image media=&#8221;159460&#8243; media_width_percent=&#8221;100&#8243; shape=&#8221;img-round&#8221; radius=&#8221;lg&#8221; uncode_shortcode_id=&#8221;474765&#8243;][\/vc_column_inner][vc_column_inner width=&#8221;2\/3&#8243;][vc_custom_heading text_color=&#8221;color-458131&#8243; text_weight=&#8221;600&#8243; uncode_shortcode_id=&#8221;139162&#8243; text_color_type=&#8221;uncode-palette&#8221;]Wat maakt Hulpie uniek?[\/vc_custom_heading][vc_column_text uncode_shortcode_id=&#8221;625132&#8243;]<\/p>\n<p data-start=\"1727\" data-end=\"1832\">Hulpie is geen gewone doos. Het is een <strong data-start=\"1766\" data-end=\"1800\">doordachte supermarktdraagdoos<\/strong>, ontwikkeld vanuit de praktijk.<\/p>\n<ul>\n<li data-start=\"1836\" data-end=\"1870\">Gemaakt van <strong data-start=\"1848\" data-end=\"1870\">FSC-gekeurd karton <\/strong>en met<strong data-start=\"1848\" data-end=\"1870\"> PAP20-erkenning<\/strong><\/li>\n<li data-start=\"1873\" data-end=\"1909\">Extra stevig voor zware boodschappen<\/li>\n<li data-start=\"1912\" data-end=\"1939\">Herbruikbaar, recyclebaar en 100% duurzaam<\/li>\n<li data-start=\"1912\" data-end=\"1939\">Handig mee te nemen in de auto<\/li>\n<li data-start=\"1975\" data-end=\"2015\">Stijlvol en duurzaam alternatief voor plastic tasjes<\/li>\n<\/ul>\n<p data-start=\"2017\" data-end=\"2118\">Of je nu wekelijks boodschappen doet of snel iets meeneemt: <strong data-start=\"2077\" data-end=\"2117\">Hulpie houdt alles netjes bij elkaar<\/strong>.<\/p>\n<p>[\/vc_column_text][vc_column_text uncode_shortcode_id=&#8221;489906&#8243;]Hulpie werkt al samen met fijne supermarkten en haar klanten zoals <strong>Jumbo<\/strong>, <strong>PLUS<\/strong>, <strong>Albert Heijn<\/strong>, <strong>SPAR en Boon&#8217;s Markt<\/strong>.<\/p>\n<p>Gebruik jij mij al? Of wil je meer weten? Bekijk dan snel wie ik ben of neem contact op![\/vc_column_text][\/vc_column_inner][\/vc_row_inner][\/vc_column][\/vc_row][vc_row row_height_percent=&#8221;0&#8243; back_color=&#8221;color-803683&#8243; overlay_alpha=&#8221;50&#8243; gutter_size=&#8221;3&#8243; column_width_percent=&#8221;100&#8243; shift_y=&#8221;0&#8243; z_index=&#8221;0&#8243; content_parallax=&#8221;0&#8243; uncode_shortcode_id=&#8221;920707&#8243; back_color_type=&#8221;uncode-palette&#8221;][vc_column column_width_percent=&#8221;100&#8243; align_horizontal=&#8221;align_center&#8221; gutter_size=&#8221;3&#8243; style=&#8221;dark&#8221; overlay_alpha=&#8221;50&#8243; shift_x=&#8221;0&#8243; shift_y=&#8221;0&#8243; shift_y_down=&#8221;0&#8243; z_index=&#8221;0&#8243; medium_width=&#8221;0&#8243; mobile_width=&#8221;0&#8243; width=&#8221;1\/1&#8243; uncode_shortcode_id=&#8221;110920&#8243;][vc_custom_heading text_size=&#8221;custom&#8221; uncode_shortcode_id=&#8221;475839&#8243; heading_custom_size=&#8221;60&#8243;]Handig, sterk &amp; bewust.[\/vc_custom_heading][vc_custom_heading uncode_shortcode_id=&#8221;169093&#8243;]En dat ben ik, elke dag weer.[\/vc_custom_heading][\/vc_column][\/vc_row]<\/p>\n<\/div>","protected":false},"excerpt":{"rendered":"<p>[vc_row unlock_row_content=&#8221;yes&#8221; row_height_percent=&#8221;100&#8243; override_padding=&#8221;yes&#8221; h_padding=&#8221;2&#8243; top_padding=&#8221;0&#8243; bottom_padding=&#8221;2&#8243; back_color=&#8221;color-wayh&#8221; overlay_alpha=&#8221;50&#8243; gutter_size=&#8221;3&#8243; column_width_percent=&#8221;100&#8243; shift_y=&#8221;0&#8243; z_index=&#8221;0&#8243; content_parallax=&#8221;0&#8243; front_end_with_slider=&#8221;true&#8221; uncode_shortcode_id=&#8221;915377&#8243; back_color_type=&#8221;uncode-palette&#8221;][vc_column column_width_percent=&#8221;100&#8243; gutter_size=&#8221;3&#8243; overlay_alpha=&#8221;50&#8243; [&hellip;]<\/p>\n","protected":false},"author":1,"featured_media":0,"parent":0,"menu_order":0,"comment_status":"closed","ping_status":"closed","template":"","meta":{"footnotes":""},"class_list":["post-58600","page","type-page","status-publish","hentry"],"_links":{"self":[{"href":"https:\/\/mijnhulpie.nl\/index.php\/wp-json\/wp\/v2\/pages\/58600","targetHints":{"allow":["GET"]}}],"collection":[{"href":"https:\/\/mijnhulpie.nl\/index.php\/wp-json\/wp\/v2\/pages"}],"about":[{"href":"https:\/\/mijnhulpie.nl\/index.php\/wp-json\/wp\/v2\/types\/page"}],"author":[{"embeddable":true,"href":"https:\/\/mijnhulpie.nl\/index.php\/wp-json\/wp\/v2\/users\/1"}],"replies":[{"embeddable":true,"href":"https:\/\/mijnhulpie.nl\/index.php\/wp-json\/wp\/v2\/comments?post=58600"}],"version-history":[{"count":157,"href":"https:\/\/mijnhulpie.nl\/index.php\/wp-json\/wp\/v2\/pages\/58600\/revisions"}],"predecessor-version":[{"id":159284,"href":"https:\/\/mijnhulpie.nl\/index.php\/wp-json\/wp\/v2\/pages\/58600\/revisions\/159284"}],"wp:attachment":[{"href":"https:\/\/mijnhulpie.nl\/index.php\/wp-json\/wp\/v2\/media?parent=58600"}],"curies":[{"name":"wp","href":"https:\/\/api.w.org\/{rel}","templated":true}]}}